{"id":4302,"date":"2024-08-12T10:57:13","date_gmt":"2024-08-12T08:57:13","guid":{"rendered":"https:\/\/foterfesztival.ro\/2024\/?page_id=4302"},"modified":"2024-08-29T07:15:26","modified_gmt":"2024-08-29T05:15:26","slug":"kapcsolat","status":"publish","type":"page","link":"https:\/\/foterfesztival.ro\/2024\/kapcsolat\/","title":{"rendered":"kapcsolat"},"content":{"rendered":"<p>[vc_row content_placement=&#8221;middle&#8221;][vc_column]<a itemprop=\"url\" href=\"mailto:foterfesztival@gmail.com\" target=\"_blank\" style=\"margin: 0px auto\" class=\"qodef-btn qodef-btn-medium qodef-btn-solid\"  >\n\t<span class=\"qodef-button-holder\">\n\t\t\t\t<span class=\"qodef-btn-text\">foterfesztival@gmail.com<\/span>\n\t\t\t<\/span>\n<\/a>[\/vc_column][\/vc_row]<\/p>\n","protected":false},"excerpt":{"rendered":"<p>[vc_row content_placement=&#8221;middle&#8221;][vc_column][\/vc_column][\/vc_row]<\/p>\n","protected":false},"author":1,"featured_media":0,"parent":0,"menu_order":0,"comment_status":"closed","ping_status":"closed","template":"","meta":{"footnotes":""},"class_list":["post-4302","page","type-page","status-publish","hentry"],"yoast_head":"<!-- This site is optimized with the Yoast SEO plugin v23.3 - https:\/\/yoast.com\/wordpress\/plugins\/seo\/ -->\n<title>kapcsolat - F\u0151t\u00e9r Fesztiv\u00e1l 2024<\/title>\n<meta name=\"robots\" content=\"noindex, follow, max-snippet:-1, max-image-preview:large, max-video-preview:-1\" \/>\n<meta property=\"og:locale\" content=\"hu_HU\" \/>\n<meta property=\"og:type\" content=\"article\" \/>\n<meta property=\"og:title\" content=\"kapcsolat - F\u0151t\u00e9r Fesztiv\u00e1l 2024\" \/>\n<meta property=\"og:description\" content=\"[vc_row content_placement=&#8221;middle&#8221;][vc_column][\/vc_column][\/vc_row]\" \/>\n<meta property=\"og:url\" content=\"https:\/\/foterfesztival.ro\/2024\/kapcsolat\/\" \/>\n<meta property=\"og:site_name\" content=\"F\u0151t\u00e9r Fesztiv\u00e1l 2024\" \/>\n<meta property=\"article:publisher\" content=\"https:\/\/www.facebook.com\/foterfesztival\" \/>\n<meta property=\"article:modified_time\" content=\"2024-08-29T05:15:26+00:00\" \/>\n<meta name=\"twitter:card\" content=\"summary_large_image\" \/>\n<script type=\"application\/ld+json\" class=\"yoast-schema-graph\">{\"@context\":\"https:\/\/schema.org\",\"@graph\":[{\"@type\":\"WebPage\",\"@id\":\"https:\/\/foterfesztival.ro\/2024\/kapcsolat\/\",\"url\":\"https:\/\/foterfesztival.ro\/2024\/kapcsolat\/\",\"name\":\"kapcsolat - F\u0151t\u00e9r Fesztiv\u00e1l 2024\",\"isPartOf\":{\"@id\":\"https:\/\/foterfesztival.ro\/2024\/#website\"},\"datePublished\":\"2024-08-12T08:57:13+00:00\",\"dateModified\":\"2024-08-29T05:15:26+00:00\",\"breadcrumb\":{\"@id\":\"https:\/\/foterfesztival.ro\/2024\/kapcsolat\/#breadcrumb\"},\"inLanguage\":\"hu\",\"potentialAction\":[{\"@type\":\"ReadAction\",\"target\":[\"https:\/\/foterfesztival.ro\/2024\/kapcsolat\/\"]}]},{\"@type\":\"BreadcrumbList\",\"@id\":\"https:\/\/foterfesztival.ro\/2024\/kapcsolat\/#breadcrumb\",\"itemListElement\":[{\"@type\":\"ListItem\",\"position\":1,\"name\":\"Kezd\u0151lap\",\"item\":\"https:\/\/foterfesztival.ro\/2024\/\"},{\"@type\":\"ListItem\",\"position\":2,\"name\":\"kapcsolat\"}]},{\"@type\":\"WebSite\",\"@id\":\"https:\/\/foterfesztival.ro\/2024\/#website\",\"url\":\"https:\/\/foterfesztival.ro\/2024\/\",\"name\":\"F\u0151t\u00e9r Fesztiv\u00e1l 2024\",\"description\":\"\",\"publisher\":{\"@id\":\"https:\/\/foterfesztival.ro\/2024\/#organization\"},\"potentialAction\":[{\"@type\":\"SearchAction\",\"target\":{\"@type\":\"EntryPoint\",\"urlTemplate\":\"https:\/\/foterfesztival.ro\/2024\/?s={search_term_string}\"},\"query-input\":\"required name=search_term_string\"}],\"inLanguage\":\"hu\"},{\"@type\":\"Organization\",\"@id\":\"https:\/\/foterfesztival.ro\/2024\/#organization\",\"name\":\"F\u0151t\u00e9r Fesztiv\u00e1l 2024\",\"url\":\"https:\/\/foterfesztival.ro\/2024\/\",\"logo\":{\"@type\":\"ImageObject\",\"inLanguage\":\"hu\",\"@id\":\"https:\/\/foterfesztival.ro\/2024\/#\/schema\/logo\/image\/\",\"url\":\"https:\/\/foterfesztival.ro\/2024\/wp-content\/uploads\/2024\/07\/ff2024.jpg\",\"contentUrl\":\"https:\/\/foterfesztival.ro\/2024\/wp-content\/uploads\/2024\/07\/ff2024.jpg\",\"width\":1089,\"height\":628,\"caption\":\"F\u0151t\u00e9r Fesztiv\u00e1l 2024\"},\"image\":{\"@id\":\"https:\/\/foterfesztival.ro\/2024\/#\/schema\/logo\/image\/\"},\"sameAs\":[\"https:\/\/www.facebook.com\/foterfesztival\"]}]}<\/script>\n<!-- \/ Yoast SEO plugin. -->","yoast_head_json":{"title":"kapcsolat - F\u0151t\u00e9r Fesztiv\u00e1l 2024","robots":{"index":"noindex","follow":"follow","max-snippet":"max-snippet:-1","max-image-preview":"max-image-preview:large","max-video-preview":"max-video-preview:-1"},"og_locale":"hu_HU","og_type":"article","og_title":"kapcsolat - F\u0151t\u00e9r Fesztiv\u00e1l 2024","og_description":"[vc_row content_placement=&#8221;middle&#8221;][vc_column][\/vc_column][\/vc_row]","og_url":"https:\/\/foterfesztival.ro\/2024\/kapcsolat\/","og_site_name":"F\u0151t\u00e9r Fesztiv\u00e1l 2024","article_publisher":"https:\/\/www.facebook.com\/foterfesztival","article_modified_time":"2024-08-29T05:15:26+00:00","twitter_card":"summary_large_image","schema":{"@context":"https:\/\/schema.org","@graph":[{"@type":"WebPage","@id":"https:\/\/foterfesztival.ro\/2024\/kapcsolat\/","url":"https:\/\/foterfesztival.ro\/2024\/kapcsolat\/","name":"kapcsolat - F\u0151t\u00e9r Fesztiv\u00e1l 2024","isPartOf":{"@id":"https:\/\/foterfesztival.ro\/2024\/#website"},"datePublished":"2024-08-12T08:57:13+00:00","dateModified":"2024-08-29T05:15:26+00:00","breadcrumb":{"@id":"https:\/\/foterfesztival.ro\/2024\/kapcsolat\/#breadcrumb"},"inLanguage":"hu","potentialAction":[{"@type":"ReadAction","target":["https:\/\/foterfesztival.ro\/2024\/kapcsolat\/"]}]},{"@type":"BreadcrumbList","@id":"https:\/\/foterfesztival.ro\/2024\/kapcsolat\/#breadcrumb","itemListElement":[{"@type":"ListItem","position":1,"name":"Kezd\u0151lap","item":"https:\/\/foterfesztival.ro\/2024\/"},{"@type":"ListItem","position":2,"name":"kapcsolat"}]},{"@type":"WebSite","@id":"https:\/\/foterfesztival.ro\/2024\/#website","url":"https:\/\/foterfesztival.ro\/2024\/","name":"F\u0151t\u00e9r Fesztiv\u00e1l 2024","description":"","publisher":{"@id":"https:\/\/foterfesztival.ro\/2024\/#organization"},"potentialAction":[{"@type":"SearchAction","target":{"@type":"EntryPoint","urlTemplate":"https:\/\/foterfesztival.ro\/2024\/?s={search_term_string}"},"query-input":"required name=search_term_string"}],"inLanguage":"hu"},{"@type":"Organization","@id":"https:\/\/foterfesztival.ro\/2024\/#organization","name":"F\u0151t\u00e9r Fesztiv\u00e1l 2024","url":"https:\/\/foterfesztival.ro\/2024\/","logo":{"@type":"ImageObject","inLanguage":"hu","@id":"https:\/\/foterfesztival.ro\/2024\/#\/schema\/logo\/image\/","url":"https:\/\/foterfesztival.ro\/2024\/wp-content\/uploads\/2024\/07\/ff2024.jpg","contentUrl":"https:\/\/foterfesztival.ro\/2024\/wp-content\/uploads\/2024\/07\/ff2024.jpg","width":1089,"height":628,"caption":"F\u0151t\u00e9r Fesztiv\u00e1l 2024"},"image":{"@id":"https:\/\/foterfesztival.ro\/2024\/#\/schema\/logo\/image\/"},"sameAs":["https:\/\/www.facebook.com\/foterfesztival"]}]}},"_links":{"self":[{"href":"https:\/\/foterfesztival.ro\/2024\/wp-json\/wp\/v2\/pages\/4302","targetHints":{"allow":["GET"]}}],"collection":[{"href":"https:\/\/foterfesztival.ro\/2024\/wp-json\/wp\/v2\/pages"}],"about":[{"href":"https:\/\/foterfesztival.ro\/2024\/wp-json\/wp\/v2\/types\/page"}],"author":[{"embeddable":true,"href":"https:\/\/foterfesztival.ro\/2024\/wp-json\/wp\/v2\/users\/1"}],"replies":[{"embeddable":true,"href":"https:\/\/foterfesztival.ro\/2024\/wp-json\/wp\/v2\/comments?post=4302"}],"version-history":[{"count":6,"href":"https:\/\/foterfesztival.ro\/2024\/wp-json\/wp\/v2\/pages\/4302\/revisions"}],"predecessor-version":[{"id":4354,"href":"https:\/\/foterfesztival.ro\/2024\/wp-json\/wp\/v2\/pages\/4302\/revisions\/4354"}],"wp:attachment":[{"href":"https:\/\/foterfesztival.ro\/2024\/wp-json\/wp\/v2\/media?parent=4302"}],"curies":[{"name":"wp","href":"https:\/\/api.w.org\/{rel}","templated":true}]}}