{"id":2,"date":"2024-07-05T10:04:32","date_gmt":"2024-07-05T08:04:32","guid":{"rendered":"http:\/\/foterfesztival.ro\/2024\/?page_id=2"},"modified":"2024-08-29T07:10:56","modified_gmt":"2024-08-29T05:10:56","slug":"tamogatok","status":"publish","type":"page","link":"https:\/\/foterfesztival.ro\/2024\/tamogatok\/","title":{"rendered":"t\u00e1mogat\u00f3k"},"content":{"rendered":"<p>[vc_row][vc_column][vc_single_image image=&#8221;4351&#8243; img_size=&#8221;full&#8221;][\/vc_column][\/vc_row]<\/p>\n","protected":false},"excerpt":{"rendered":"<p>[vc_row][vc_column][vc_single_image image=&#8221;4351&#8243; img_size=&#8221;full&#8221;][\/vc_column][\/vc_row]<\/p>\n","protected":false},"author":1,"featured_media":0,"parent":0,"menu_order":0,"comment_status":"closed","ping_status":"open","template":"","meta":{"footnotes":""},"class_list":["post-2","page","type-page","status-publish","hentry"],"yoast_head":"<!-- This site is optimized with the Yoast SEO plugin v23.3 - https:\/\/yoast.com\/wordpress\/plugins\/seo\/ -->\n<title>t\u00e1mogat\u00f3k - F\u0151t\u00e9r Fesztiv\u00e1l 2024<\/title>\n<meta name=\"robots\" content=\"noindex, follow, max-snippet:-1, max-image-preview:large, max-video-preview:-1\" \/>\n<meta property=\"og:locale\" content=\"hu_HU\" \/>\n<meta property=\"og:type\" content=\"article\" \/>\n<meta property=\"og:title\" content=\"t\u00e1mogat\u00f3k - F\u0151t\u00e9r Fesztiv\u00e1l 2024\" \/>\n<meta property=\"og:description\" content=\"[vc_row][vc_column][vc_single_image image=&#8221;4351&#8243; img_size=&#8221;full&#8221;][\/vc_column][\/vc_row]\" \/>\n<meta property=\"og:url\" content=\"https:\/\/foterfesztival.ro\/2024\/tamogatok\/\" \/>\n<meta property=\"og:site_name\" content=\"F\u0151t\u00e9r Fesztiv\u00e1l 2024\" \/>\n<meta property=\"article:publisher\" content=\"https:\/\/www.facebook.com\/foterfesztival\" \/>\n<meta property=\"article:modified_time\" content=\"2024-08-29T05:10:56+00:00\" \/>\n<meta name=\"twitter:card\" content=\"summary_large_image\" \/>\n<script type=\"application\/ld+json\" class=\"yoast-schema-graph\">{\"@context\":\"https:\/\/schema.org\",\"@graph\":[{\"@type\":\"WebPage\",\"@id\":\"https:\/\/foterfesztival.ro\/2024\/tamogatok\/\",\"url\":\"https:\/\/foterfesztival.ro\/2024\/tamogatok\/\",\"name\":\"t\u00e1mogat\u00f3k - F\u0151t\u00e9r Fesztiv\u00e1l 2024\",\"isPartOf\":{\"@id\":\"https:\/\/foterfesztival.ro\/2024\/#website\"},\"datePublished\":\"2024-07-05T08:04:32+00:00\",\"dateModified\":\"2024-08-29T05:10:56+00:00\",\"breadcrumb\":{\"@id\":\"https:\/\/foterfesztival.ro\/2024\/tamogatok\/#breadcrumb\"},\"inLanguage\":\"hu\",\"potentialAction\":[{\"@type\":\"ReadAction\",\"target\":[\"https:\/\/foterfesztival.ro\/2024\/tamogatok\/\"]}]},{\"@type\":\"BreadcrumbList\",\"@id\":\"https:\/\/foterfesztival.ro\/2024\/tamogatok\/#breadcrumb\",\"itemListElement\":[{\"@type\":\"ListItem\",\"position\":1,\"name\":\"Kezd\u0151lap\",\"item\":\"https:\/\/foterfesztival.ro\/2024\/\"},{\"@type\":\"ListItem\",\"position\":2,\"name\":\"t\u00e1mogat\u00f3k\"}]},{\"@type\":\"WebSite\",\"@id\":\"https:\/\/foterfesztival.ro\/2024\/#website\",\"url\":\"https:\/\/foterfesztival.ro\/2024\/\",\"name\":\"F\u0151t\u00e9r Fesztiv\u00e1l 2024\",\"description\":\"\",\"publisher\":{\"@id\":\"https:\/\/foterfesztival.ro\/2024\/#organization\"},\"potentialAction\":[{\"@type\":\"SearchAction\",\"target\":{\"@type\":\"EntryPoint\",\"urlTemplate\":\"https:\/\/foterfesztival.ro\/2024\/?s={search_term_string}\"},\"query-input\":\"required name=search_term_string\"}],\"inLanguage\":\"hu\"},{\"@type\":\"Organization\",\"@id\":\"https:\/\/foterfesztival.ro\/2024\/#organization\",\"name\":\"F\u0151t\u00e9r Fesztiv\u00e1l 2024\",\"url\":\"https:\/\/foterfesztival.ro\/2024\/\",\"logo\":{\"@type\":\"ImageObject\",\"inLanguage\":\"hu\",\"@id\":\"https:\/\/foterfesztival.ro\/2024\/#\/schema\/logo\/image\/\",\"url\":\"https:\/\/foterfesztival.ro\/2024\/wp-content\/uploads\/2024\/07\/ff2024.jpg\",\"contentUrl\":\"https:\/\/foterfesztival.ro\/2024\/wp-content\/uploads\/2024\/07\/ff2024.jpg\",\"width\":1089,\"height\":628,\"caption\":\"F\u0151t\u00e9r Fesztiv\u00e1l 2024\"},\"image\":{\"@id\":\"https:\/\/foterfesztival.ro\/2024\/#\/schema\/logo\/image\/\"},\"sameAs\":[\"https:\/\/www.facebook.com\/foterfesztival\"]}]}<\/script>\n<!-- \/ Yoast SEO plugin. -->","yoast_head_json":{"title":"t\u00e1mogat\u00f3k - F\u0151t\u00e9r Fesztiv\u00e1l 2024","robots":{"index":"noindex","follow":"follow","max-snippet":"max-snippet:-1","max-image-preview":"max-image-preview:large","max-video-preview":"max-video-preview:-1"},"og_locale":"hu_HU","og_type":"article","og_title":"t\u00e1mogat\u00f3k - F\u0151t\u00e9r Fesztiv\u00e1l 2024","og_description":"[vc_row][vc_column][vc_single_image image=&#8221;4351&#8243; img_size=&#8221;full&#8221;][\/vc_column][\/vc_row]","og_url":"https:\/\/foterfesztival.ro\/2024\/tamogatok\/","og_site_name":"F\u0151t\u00e9r Fesztiv\u00e1l 2024","article_publisher":"https:\/\/www.facebook.com\/foterfesztival","article_modified_time":"2024-08-29T05:10:56+00:00","twitter_card":"summary_large_image","schema":{"@context":"https:\/\/schema.org","@graph":[{"@type":"WebPage","@id":"https:\/\/foterfesztival.ro\/2024\/tamogatok\/","url":"https:\/\/foterfesztival.ro\/2024\/tamogatok\/","name":"t\u00e1mogat\u00f3k - F\u0151t\u00e9r Fesztiv\u00e1l 2024","isPartOf":{"@id":"https:\/\/foterfesztival.ro\/2024\/#website"},"datePublished":"2024-07-05T08:04:32+00:00","dateModified":"2024-08-29T05:10:56+00:00","breadcrumb":{"@id":"https:\/\/foterfesztival.ro\/2024\/tamogatok\/#breadcrumb"},"inLanguage":"hu","potentialAction":[{"@type":"ReadAction","target":["https:\/\/foterfesztival.ro\/2024\/tamogatok\/"]}]},{"@type":"BreadcrumbList","@id":"https:\/\/foterfesztival.ro\/2024\/tamogatok\/#breadcrumb","itemListElement":[{"@type":"ListItem","position":1,"name":"Kezd\u0151lap","item":"https:\/\/foterfesztival.ro\/2024\/"},{"@type":"ListItem","position":2,"name":"t\u00e1mogat\u00f3k"}]},{"@type":"WebSite","@id":"https:\/\/foterfesztival.ro\/2024\/#website","url":"https:\/\/foterfesztival.ro\/2024\/","name":"F\u0151t\u00e9r Fesztiv\u00e1l 2024","description":"","publisher":{"@id":"https:\/\/foterfesztival.ro\/2024\/#organization"},"potentialAction":[{"@type":"SearchAction","target":{"@type":"EntryPoint","urlTemplate":"https:\/\/foterfesztival.ro\/2024\/?s={search_term_string}"},"query-input":"required name=search_term_string"}],"inLanguage":"hu"},{"@type":"Organization","@id":"https:\/\/foterfesztival.ro\/2024\/#organization","name":"F\u0151t\u00e9r Fesztiv\u00e1l 2024","url":"https:\/\/foterfesztival.ro\/2024\/","logo":{"@type":"ImageObject","inLanguage":"hu","@id":"https:\/\/foterfesztival.ro\/2024\/#\/schema\/logo\/image\/","url":"https:\/\/foterfesztival.ro\/2024\/wp-content\/uploads\/2024\/07\/ff2024.jpg","contentUrl":"https:\/\/foterfesztival.ro\/2024\/wp-content\/uploads\/2024\/07\/ff2024.jpg","width":1089,"height":628,"caption":"F\u0151t\u00e9r Fesztiv\u00e1l 2024"},"image":{"@id":"https:\/\/foterfesztival.ro\/2024\/#\/schema\/logo\/image\/"},"sameAs":["https:\/\/www.facebook.com\/foterfesztival"]}]}},"_links":{"self":[{"href":"https:\/\/foterfesztival.ro\/2024\/wp-json\/wp\/v2\/pages\/2","targetHints":{"allow":["GET"]}}],"collection":[{"href":"https:\/\/foterfesztival.ro\/2024\/wp-json\/wp\/v2\/pages"}],"about":[{"href":"https:\/\/foterfesztival.ro\/2024\/wp-json\/wp\/v2\/types\/page"}],"author":[{"embeddable":true,"href":"https:\/\/foterfesztival.ro\/2024\/wp-json\/wp\/v2\/users\/1"}],"replies":[{"embeddable":true,"href":"https:\/\/foterfesztival.ro\/2024\/wp-json\/wp\/v2\/comments?post=2"}],"version-history":[{"count":2,"href":"https:\/\/foterfesztival.ro\/2024\/wp-json\/wp\/v2\/pages\/2\/revisions"}],"predecessor-version":[{"id":4352,"href":"https:\/\/foterfesztival.ro\/2024\/wp-json\/wp\/v2\/pages\/2\/revisions\/4352"}],"wp:attachment":[{"href":"https:\/\/foterfesztival.ro\/2024\/wp-json\/wp\/v2\/media?parent=2"}],"curies":[{"name":"wp","href":"https:\/\/api.w.org\/{rel}","templated":true}]}}